{"id":139,"date":"2026-02-09T10:21:22","date_gmt":"2026-02-09T09:21:22","guid":{"rendered":"https:\/\/emte.com.pl\/?page_id=139"},"modified":"2026-02-09T11:32:47","modified_gmt":"2026-02-09T10:32:47","slug":"tachopradnica-rotex-typ-fdb","status":"publish","type":"page","link":"https:\/\/emte.com.pl\/?page_id=139","title":{"rendered":"seria FDB"},"content":{"rendered":"\n<p>Tachopr\u0105dnica Rotex typ FDB jest dost\u0119pna w wersji ko\u0142nierzowej B10 o \u015brednicy<br>\u00d8 115 mm. Mo\u017cna j\u0105 zam\u00f3wi\u0107 z wa\u0142kiem o \u015brednicy \u00d8 7 lub \u00d8 11 mm oraz ze sta\u0142\u0105<br>napi\u0119ciow\u0105 Uo-20 V DC lub Uo-60 V DC. Stopie\u0144 ochrony urz\u0105dzenia to IP54 a<br>dopuszczalna pr\u0119dko\u015b\u0107 obrotowa dla wersji 20 V to 6000 obr.\/min a wersji 60 V to<br>5000 obr.\/min. Pod\u0142\u0105czenie przewod\u00f3w mo\u017cliwe jest za po\u015brednictwem skrzynki<br>kablowej, kt\u00f3ra zosta\u0142a umieszczona na obudowie tachopr\u0105dnicy. Istnieje mo\u017cliwo\u015b\u0107<br>zam\u00f3wienia wersji podw\u00f3jnej typ FDB-D lub wersji z drugim wa\u0142kiem na ko\u0144cu typ<br>FDB-E i typ FDB-L<\/p>\n\n\n\n<figure class=\"wp-block-image size-full\"><img loading=\"lazy\" decoding=\"async\" width=\"526\" height=\"475\" src=\"https:\/\/emte.com.pl\/wp-content\/uploads\/2026\/02\/image.png\" alt=\"\" class=\"wp-image-140\" srcset=\"https:\/\/emte.com.pl\/wp-content\/uploads\/2026\/02\/image.png 526w, https:\/\/emte.com.pl\/wp-content\/uploads\/2026\/02\/image-300x271.png 300w\" sizes=\"auto, (max-width: 526px) 100vw, 526px\" \/><\/figure>\n","protected":false},"excerpt":{"rendered":"<p>Tachopr\u0105dnica Rotex typ FDB jest dost\u0119pna w wersji ko\u0142nierzowej B10 o \u015brednicy\u00d8 115 mm. Mo\u017cna j\u0105 zam\u00f3wi\u0107 z wa\u0142kiem o \u015brednicy \u00d8 7 lub \u00d8 11 mm oraz ze sta\u0142\u0105napi\u0119ciow\u0105 Uo-20 V DC lub Uo-60 V DC. Stopie\u0144 ochrony urz\u0105dzenia to IP54 adopuszczalna pr\u0119dko\u015b\u0107 obrotowa dla wersji 20 V to 6000 obr.\/min a wersji 60 [&hellip;]<\/p>\n","protected":false},"author":1,"featured_media":0,"parent":0,"menu_order":0,"comment_status":"closed","ping_status":"closed","template":"","meta":{"footnotes":""},"class_list":["post-139","page","type-page","status-publish","hentry"],"_links":{"self":[{"href":"https:\/\/emte.com.pl\/index.php?rest_route=\/wp\/v2\/pages\/139","targetHints":{"allow":["GET"]}}],"collection":[{"href":"https:\/\/emte.com.pl\/index.php?rest_route=\/wp\/v2\/pages"}],"about":[{"href":"https:\/\/emte.com.pl\/index.php?rest_route=\/wp\/v2\/types\/page"}],"author":[{"embeddable":true,"href":"https:\/\/emte.com.pl\/index.php?rest_route=\/wp\/v2\/users\/1"}],"replies":[{"embeddable":true,"href":"https:\/\/emte.com.pl\/index.php?rest_route=%2Fwp%2Fv2%2Fcomments&post=139"}],"version-history":[{"count":2,"href":"https:\/\/emte.com.pl\/index.php?rest_route=\/wp\/v2\/pages\/139\/revisions"}],"predecessor-version":[{"id":193,"href":"https:\/\/emte.com.pl\/index.php?rest_route=\/wp\/v2\/pages\/139\/revisions\/193"}],"wp:attachment":[{"href":"https:\/\/emte.com.pl\/index.php?rest_route=%2Fwp%2Fv2%2Fmedia&parent=139"}],"curies":[{"name":"wp","href":"https:\/\/api.w.org\/{rel}","templated":true}]}}