{"id":451,"date":"2026-02-10T13:57:00","date_gmt":"2026-02-10T12:57:00","guid":{"rendered":"https:\/\/emte.com.pl\/?page_id=451"},"modified":"2026-02-10T13:57:00","modified_gmt":"2026-02-10T12:57:00","slug":"mxc-30","status":"publish","type":"page","link":"https:\/\/emte.com.pl\/?page_id=451","title":{"rendered":"MXC-30"},"content":{"rendered":"\n<figure class=\"wp-block-image size-full\"><img loading=\"lazy\" decoding=\"async\" width=\"163\" height=\"226\" src=\"https:\/\/emte.com.pl\/wp-content\/uploads\/2026\/02\/obraz-47.png\" alt=\"\" class=\"wp-image-452\"\/><\/figure>\n\n\n\n<ul class=\"wp-block-list\">\n<li>Monitorowanie spadku lub wzrostu pr\u0105du od pod\u0142\u0105czonego transformatora pr\u0105du przemiennego lub bocznika pr\u0105du sta\u0142ego<\/li>\n\n\n\n<li>Jednofazowy<\/li>\n\n\n\n<li>Zasilanie 24 V DC \/ 24 V AC \/ 115 V AC \/ 230 V AC<\/li>\n\n\n\n<li>Przeka\u017anik SPDT na wyj\u015bciu<\/li>\n\n\n\n<li>Wyj\u015bcie analogowe 2\u202610 V DC<\/li>\n\n\n\n<li>Regulowana histereza 3\u202630 %<\/li>\n\n\n\n<li>Funkcja automatycznej blokady<\/li>\n<\/ul>\n\n\n\n<p><\/p>\n","protected":false},"excerpt":{"rendered":"","protected":false},"author":1,"featured_media":0,"parent":0,"menu_order":0,"comment_status":"closed","ping_status":"closed","template":"","meta":{"footnotes":""},"class_list":["post-451","page","type-page","status-publish","hentry"],"_links":{"self":[{"href":"https:\/\/emte.com.pl\/index.php?rest_route=\/wp\/v2\/pages\/451","targetHints":{"allow":["GET"]}}],"collection":[{"href":"https:\/\/emte.com.pl\/index.php?rest_route=\/wp\/v2\/pages"}],"about":[{"href":"https:\/\/emte.com.pl\/index.php?rest_route=\/wp\/v2\/types\/page"}],"author":[{"embeddable":true,"href":"https:\/\/emte.com.pl\/index.php?rest_route=\/wp\/v2\/users\/1"}],"replies":[{"embeddable":true,"href":"https:\/\/emte.com.pl\/index.php?rest_route=%2Fwp%2Fv2%2Fcomments&post=451"}],"version-history":[{"count":1,"href":"https:\/\/emte.com.pl\/index.php?rest_route=\/wp\/v2\/pages\/451\/revisions"}],"predecessor-version":[{"id":453,"href":"https:\/\/emte.com.pl\/index.php?rest_route=\/wp\/v2\/pages\/451\/revisions\/453"}],"wp:attachment":[{"href":"https:\/\/emte.com.pl\/index.php?rest_route=%2Fwp%2Fv2%2Fmedia&parent=451"}],"curies":[{"name":"wp","href":"https:\/\/api.w.org\/{rel}","templated":true}]}}