{"id":460,"date":"2026-02-10T13:58:30","date_gmt":"2026-02-10T12:58:30","guid":{"rendered":"https:\/\/emte.com.pl\/?page_id=460"},"modified":"2026-02-10T13:58:30","modified_gmt":"2026-02-10T12:58:30","slug":"mxp-20","status":"publish","type":"page","link":"https:\/\/emte.com.pl\/?page_id=460","title":{"rendered":"MXP-20"},"content":{"rendered":"\n<figure class=\"wp-block-image size-full\"><img loading=\"lazy\" decoding=\"async\" width=\"164\" height=\"230\" src=\"https:\/\/emte.com.pl\/wp-content\/uploads\/2026\/02\/obraz-50.png\" alt=\"\" class=\"wp-image-461\"\/><\/figure>\n\n\n\n<ul class=\"wp-block-list\">\n<li>Monitorowanie rotacji faz, przesuni\u0119cia fazowego mniejszego ni\u017c 20\u00b0 , zbyt niskiego napi\u0119cia<\/li>\n\n\n\n<li>Tr\u00f3jfazowy<\/li>\n\n\n\n<li>Zasilanie 3 x 115 V AC \/ 3 x 230 V AC \/ 3 x\u00a0 400 V AC<\/li>\n\n\n\n<li>Przeka\u017anik SPDT na wyj\u015bciu<\/li>\n\n\n\n<li>Op\u00f3\u017anienie = 0,5 s, aby zapobiec b\u0142\u0119dom za\u0142\u0105czania i wy\u0142\u0105czania zasilania spowodowanym przez kr\u00f3tkie zak\u0142\u00f3cenia<\/li>\n\n\n\n<li>Napi\u0119cie robocze w fazach V i W (L2 i L3)<\/li>\n<\/ul>\n\n\n\n<p><\/p>\n","protected":false},"excerpt":{"rendered":"","protected":false},"author":1,"featured_media":0,"parent":0,"menu_order":0,"comment_status":"closed","ping_status":"closed","template":"","meta":{"footnotes":""},"class_list":["post-460","page","type-page","status-publish","hentry"],"_links":{"self":[{"href":"https:\/\/emte.com.pl\/index.php?rest_route=\/wp\/v2\/pages\/460","targetHints":{"allow":["GET"]}}],"collection":[{"href":"https:\/\/emte.com.pl\/index.php?rest_route=\/wp\/v2\/pages"}],"about":[{"href":"https:\/\/emte.com.pl\/index.php?rest_route=\/wp\/v2\/types\/page"}],"author":[{"embeddable":true,"href":"https:\/\/emte.com.pl\/index.php?rest_route=\/wp\/v2\/users\/1"}],"replies":[{"embeddable":true,"href":"https:\/\/emte.com.pl\/index.php?rest_route=%2Fwp%2Fv2%2Fcomments&post=460"}],"version-history":[{"count":1,"href":"https:\/\/emte.com.pl\/index.php?rest_route=\/wp\/v2\/pages\/460\/revisions"}],"predecessor-version":[{"id":462,"href":"https:\/\/emte.com.pl\/index.php?rest_route=\/wp\/v2\/pages\/460\/revisions\/462"}],"wp:attachment":[{"href":"https:\/\/emte.com.pl\/index.php?rest_route=%2Fwp%2Fv2%2Fmedia&parent=460"}],"curies":[{"name":"wp","href":"https:\/\/api.w.org\/{rel}","templated":true}]}}