{"id":463,"date":"2026-02-10T13:59:07","date_gmt":"2026-02-10T12:59:07","guid":{"rendered":"https:\/\/emte.com.pl\/?page_id=463"},"modified":"2026-02-10T13:59:07","modified_gmt":"2026-02-10T12:59:07","slug":"mxl-10","status":"publish","type":"page","link":"https:\/\/emte.com.pl\/?page_id=463","title":{"rendered":"MXL-10"},"content":{"rendered":"\n<figure class=\"wp-block-image size-full\"><img loading=\"lazy\" decoding=\"async\" width=\"172\" height=\"249\" src=\"https:\/\/emte.com.pl\/wp-content\/uploads\/2026\/02\/obraz-51.png\" alt=\"\" class=\"wp-image-464\"\/><\/figure>\n\n\n\n<ul class=\"wp-block-list\">\n<li>Monitorowanie poziomu cieczy przewodz\u0105cych za pomoc\u0105 sond 2- lub 3-\u017cy\u0142owych<\/li>\n\n\n\n<li>Zasilanie 24 V DC \/ 24 V AC \/ 115 V AC \/ 230 V AC<\/li>\n\n\n\n<li>Przeka\u017anik SPDT na wyj\u015bciu<\/li>\n\n\n\n<li>Sygna\u0142 przy poziomie maksymalnym i minimalnym w tej samej wersji<\/li>\n\n\n\n<li>Czu\u0142o\u015b\u0107 regulowana na wej\u015bciu 5 &#8211; 50 kOhm<\/li>\n\n\n\n<li>Czas reakcji regulowany w zakresie 0,1 &#8211; 5 s<\/li>\n\n\n\n<li>Funkcja automatycznej blokady<\/li>\n<\/ul>\n\n\n\n<p><\/p>\n","protected":false},"excerpt":{"rendered":"","protected":false},"author":1,"featured_media":0,"parent":0,"menu_order":0,"comment_status":"closed","ping_status":"closed","template":"","meta":{"footnotes":""},"class_list":["post-463","page","type-page","status-publish","hentry"],"_links":{"self":[{"href":"https:\/\/emte.com.pl\/index.php?rest_route=\/wp\/v2\/pages\/463","targetHints":{"allow":["GET"]}}],"collection":[{"href":"https:\/\/emte.com.pl\/index.php?rest_route=\/wp\/v2\/pages"}],"about":[{"href":"https:\/\/emte.com.pl\/index.php?rest_route=\/wp\/v2\/types\/page"}],"author":[{"embeddable":true,"href":"https:\/\/emte.com.pl\/index.php?rest_route=\/wp\/v2\/users\/1"}],"replies":[{"embeddable":true,"href":"https:\/\/emte.com.pl\/index.php?rest_route=%2Fwp%2Fv2%2Fcomments&post=463"}],"version-history":[{"count":1,"href":"https:\/\/emte.com.pl\/index.php?rest_route=\/wp\/v2\/pages\/463\/revisions"}],"predecessor-version":[{"id":465,"href":"https:\/\/emte.com.pl\/index.php?rest_route=\/wp\/v2\/pages\/463\/revisions\/465"}],"wp:attachment":[{"href":"https:\/\/emte.com.pl\/index.php?rest_route=%2Fwp%2Fv2%2Fmedia&parent=463"}],"curies":[{"name":"wp","href":"https:\/\/api.w.org\/{rel}","templated":true}]}}