{"id":501,"date":"2026-02-11T13:10:19","date_gmt":"2026-02-11T12:10:19","guid":{"rendered":"https:\/\/emte.com.pl\/?page_id=501"},"modified":"2026-02-12T13:49:51","modified_gmt":"2026-02-12T12:49:51","slug":"safe-delay-10s","status":"publish","type":"page","link":"https:\/\/emte.com.pl\/?page_id=501","title":{"rendered":"SAFE -DELAY-10S"},"content":{"rendered":"\n<figure class=\"wp-block-image size-full\"><img loading=\"lazy\" decoding=\"async\" width=\"230\" height=\"253\" src=\"https:\/\/emte.com.pl\/wp-content\/uploads\/2026\/02\/obraz-58.png\" alt=\"\" class=\"wp-image-515\"\/><\/figure>\n\n\n\n<ul class=\"wp-block-list\">\n<li>2 styki bezpiecze\u0144stwa N\/O \u2013 op\u00f3\u017anione wy\u0142\u0105czenie 10s<\/li>\n\n\n\n<li>2 styki bezpiecze\u0144stwa N\/O<\/li>\n\n\n\n<li>R\u0119czny start<\/li>\n\n\n\n<li>PL e, Kategoria 4 (EN ISO 13849-1)<\/li>\n<\/ul>\n\n\n\n<div class=\"wp-block-file\"><a id=\"wp-block-file--media-16bcc5b4-e0ea-4d98-9a84-dedfd2b291b2\" href=\"https:\/\/emte.com.pl\/wp-content\/uploads\/2026\/02\/Datasheet_SALZ_SAFE-DELAY_10s.pdf\"><strong>karta katalogowa<\/strong><\/a><\/div>\n\n\n\n<p><\/p>\n","protected":false},"excerpt":{"rendered":"","protected":false},"author":1,"featured_media":0,"parent":0,"menu_order":0,"comment_status":"closed","ping_status":"closed","template":"","meta":{"footnotes":""},"class_list":["post-501","page","type-page","status-publish","hentry"],"_links":{"self":[{"href":"https:\/\/emte.com.pl\/index.php?rest_route=\/wp\/v2\/pages\/501","targetHints":{"allow":["GET"]}}],"collection":[{"href":"https:\/\/emte.com.pl\/index.php?rest_route=\/wp\/v2\/pages"}],"about":[{"href":"https:\/\/emte.com.pl\/index.php?rest_route=\/wp\/v2\/types\/page"}],"author":[{"embeddable":true,"href":"https:\/\/emte.com.pl\/index.php?rest_route=\/wp\/v2\/users\/1"}],"replies":[{"embeddable":true,"href":"https:\/\/emte.com.pl\/index.php?rest_route=%2Fwp%2Fv2%2Fcomments&post=501"}],"version-history":[{"count":3,"href":"https:\/\/emte.com.pl\/index.php?rest_route=\/wp\/v2\/pages\/501\/revisions"}],"predecessor-version":[{"id":619,"href":"https:\/\/emte.com.pl\/index.php?rest_route=\/wp\/v2\/pages\/501\/revisions\/619"}],"wp:attachment":[{"href":"https:\/\/emte.com.pl\/index.php?rest_route=%2Fwp%2Fv2%2Fmedia&parent=501"}],"curies":[{"name":"wp","href":"https:\/\/api.w.org\/{rel}","templated":true}]}}