{"id":503,"date":"2026-02-11T13:10:33","date_gmt":"2026-02-11T12:10:33","guid":{"rendered":"https:\/\/emte.com.pl\/?page_id=503"},"modified":"2026-02-12T13:48:54","modified_gmt":"2026-02-12T12:48:54","slug":"safe-delay-3s","status":"publish","type":"page","link":"https:\/\/emte.com.pl\/?page_id=503","title":{"rendered":"SAFE -DELAY-3S"},"content":{"rendered":"\n<figure class=\"wp-block-image size-full\"><img loading=\"lazy\" decoding=\"async\" width=\"208\" height=\"229\" src=\"https:\/\/emte.com.pl\/wp-content\/uploads\/2026\/02\/obraz-59.png\" alt=\"\" class=\"wp-image-517\"\/><\/figure>\n\n\n\n<ul class=\"wp-block-list\">\n<li>2 styki bezpiecze\u0144stwa N\/O \u2013 op\u00f3\u017anione wy\u0142\u0105czenie 3s<\/li>\n\n\n\n<li>2 styki bezpiecze\u0144stwa N\/O<\/li>\n\n\n\n<li>R\u0119czny start<\/li>\n\n\n\n<li>PL e, Kategoria 4 (EN ISO 13849-1)<\/li>\n<\/ul>\n\n\n\n<div class=\"wp-block-file\"><a id=\"wp-block-file--media-d82d5e3d-3167-4f12-9f5d-1fd7017bf23a\" href=\"https:\/\/emte.com.pl\/wp-content\/uploads\/2026\/02\/Datasheet_SALZ_SAFE-DELAY_3s.pdf\"><strong>karta katalogowa<\/strong><\/a><\/div>\n\n\n\n<p><\/p>\n","protected":false},"excerpt":{"rendered":"","protected":false},"author":1,"featured_media":0,"parent":0,"menu_order":0,"comment_status":"closed","ping_status":"closed","template":"","meta":{"footnotes":""},"class_list":["post-503","page","type-page","status-publish","hentry"],"_links":{"self":[{"href":"https:\/\/emte.com.pl\/index.php?rest_route=\/wp\/v2\/pages\/503","targetHints":{"allow":["GET"]}}],"collection":[{"href":"https:\/\/emte.com.pl\/index.php?rest_route=\/wp\/v2\/pages"}],"about":[{"href":"https:\/\/emte.com.pl\/index.php?rest_route=\/wp\/v2\/types\/page"}],"author":[{"embeddable":true,"href":"https:\/\/emte.com.pl\/index.php?rest_route=\/wp\/v2\/users\/1"}],"replies":[{"embeddable":true,"href":"https:\/\/emte.com.pl\/index.php?rest_route=%2Fwp%2Fv2%2Fcomments&post=503"}],"version-history":[{"count":3,"href":"https:\/\/emte.com.pl\/index.php?rest_route=\/wp\/v2\/pages\/503\/revisions"}],"predecessor-version":[{"id":618,"href":"https:\/\/emte.com.pl\/index.php?rest_route=\/wp\/v2\/pages\/503\/revisions\/618"}],"wp:attachment":[{"href":"https:\/\/emte.com.pl\/index.php?rest_route=%2Fwp%2Fv2%2Fmedia&parent=503"}],"curies":[{"name":"wp","href":"https:\/\/api.w.org\/{rel}","templated":true}]}}