{"id":507,"date":"2026-02-11T13:11:06","date_gmt":"2026-02-11T12:11:06","guid":{"rendered":"https:\/\/emte.com.pl\/?page_id=507"},"modified":"2026-02-12T13:51:54","modified_gmt":"2026-02-12T12:51:54","slug":"safe-sil","status":"publish","type":"page","link":"https:\/\/emte.com.pl\/?page_id=507","title":{"rendered":"SAFE-SIL"},"content":{"rendered":"\n<figure class=\"wp-block-image size-full\"><img loading=\"lazy\" decoding=\"async\" width=\"225\" height=\"247\" src=\"https:\/\/emte.com.pl\/wp-content\/uploads\/2026\/02\/obraz-61.png\" alt=\"\" class=\"wp-image-521\"\/><\/figure>\n\n\n\n<ul class=\"wp-block-list\">\n<li>3 styki bezpiecze\u0144stwa N\/O<\/li>\n\n\n\n<li>1 styk bezpiecze\u0144stwa N\/C<\/li>\n\n\n\n<li>Modu\u0142 rozszerzenia bezpiecze\u0144stwa<\/li>\n\n\n\n<li>\u0141\u0105czenie sygna\u0142\u00f3w bezpiecze\u0144stwa<\/li>\n<\/ul>\n\n\n\n<div class=\"wp-block-file\"><a id=\"wp-block-file--media-85a8cec3-6af5-4741-b326-0044e5882a51\" href=\"https:\/\/emte.com.pl\/wp-content\/uploads\/2026\/02\/Datasheet_SALZ_SAFE-SIL_01.pdf\"><strong>karta katalogowa<\/strong><\/a><\/div>\n\n\n\n<p><\/p>\n","protected":false},"excerpt":{"rendered":"","protected":false},"author":1,"featured_media":0,"parent":0,"menu_order":0,"comment_status":"closed","ping_status":"closed","template":"","meta":{"footnotes":""},"class_list":["post-507","page","type-page","status-publish","hentry"],"_links":{"self":[{"href":"https:\/\/emte.com.pl\/index.php?rest_route=\/wp\/v2\/pages\/507","targetHints":{"allow":["GET"]}}],"collection":[{"href":"https:\/\/emte.com.pl\/index.php?rest_route=\/wp\/v2\/pages"}],"about":[{"href":"https:\/\/emte.com.pl\/index.php?rest_route=\/wp\/v2\/types\/page"}],"author":[{"embeddable":true,"href":"https:\/\/emte.com.pl\/index.php?rest_route=\/wp\/v2\/users\/1"}],"replies":[{"embeddable":true,"href":"https:\/\/emte.com.pl\/index.php?rest_route=%2Fwp%2Fv2%2Fcomments&post=507"}],"version-history":[{"count":3,"href":"https:\/\/emte.com.pl\/index.php?rest_route=\/wp\/v2\/pages\/507\/revisions"}],"predecessor-version":[{"id":621,"href":"https:\/\/emte.com.pl\/index.php?rest_route=\/wp\/v2\/pages\/507\/revisions\/621"}],"wp:attachment":[{"href":"https:\/\/emte.com.pl\/index.php?rest_route=%2Fwp%2Fv2%2Fmedia&parent=507"}],"curies":[{"name":"wp","href":"https:\/\/api.w.org\/{rel}","templated":true}]}}