{"id":79,"date":"2026-02-04T15:08:23","date_gmt":"2026-02-04T14:08:23","guid":{"rendered":"https:\/\/emte.com.pl\/?page_id=79"},"modified":"2026-02-12T12:45:32","modified_gmt":"2026-02-12T11:45:32","slug":"o-firmie","status":"publish","type":"page","link":"https:\/\/emte.com.pl\/?page_id=79","title":{"rendered":"O firmie"},"content":{"rendered":"\n<figure class=\"wp-block-image size-full\"><img loading=\"lazy\" decoding=\"async\" width=\"158\" height=\"133\" src=\"https:\/\/emte.com.pl\/wp-content\/uploads\/2026\/02\/image-2.png\" alt=\"\" class=\"wp-image-159\"\/><\/figure>\n\n\n\n<p>Firma EMTE powsta\u0142a w oparciu o ponad dwudziestoletnie do\u015bwiadczenie w bran\u017cy automatyki przemys\u0142owej. Wieloletnia wsp\u00f3\u0142praca z czo\u0142owymi producentami jest gwarancj\u0105 wysokiej jako\u015bci obs\u0142ugi Klient\u00f3w, na kt\u00f3r\u0105 sk\u0142ada si\u0119 doradztwo techniczne, przygotowanie oferty oraz pomoc przy uruchomieniu aplikacji. Nasz udzia\u0142 w specjalistycznych szkoleniach oraz posiadana wiedza techniczna pozwala na dob\u00f3r alternatywnych rozwi\u0105za\u0144 dla Naszych Klient\u00f3w, kt\u00f3rzy mog\u0105 r\u00f3wnie\u017c liczy\u0107 na atrakcyjne warunki handlowe. Oferta firmy EMTE opiera si\u0119 na trzech g\u0142\u00f3wnych grupach produktowych:<\/p>\n\n\n\n<ul class=\"wp-block-list\">\n<li>enkodery inkrementalne oraz absolutne firmy Emeta<\/li>\n\n\n\n<li>enkodery inkrementalne z wy\u0142\u0105cznikiem pr\u0119dko\u015bciowym firmy<br>Emeta<\/li>\n\n\n\n<li>tachopr\u0105dnice firmy Rotex Elettromeccanica<\/li>\n\n\n\n<li>przeka\u017aniki czasowe, monitoruj\u0105ce oraz nadzorcze firmy Brodersen<\/li>\n\n\n\n<li>przeka\u017aniki bezpiecze\u0144stwa SALZ Automation<\/li>\n<\/ul>\n\n\n\n<p><\/p>\n","protected":false},"excerpt":{"rendered":"<p>Firma EMTE powsta\u0142a w oparciu o ponad dwudziestoletnie do\u015bwiadczenie w bran\u017cy automatyki przemys\u0142owej. Wieloletnia wsp\u00f3\u0142praca z czo\u0142owymi producentami jest gwarancj\u0105 wysokiej jako\u015bci obs\u0142ugi Klient\u00f3w, na kt\u00f3r\u0105 sk\u0142ada si\u0119 doradztwo techniczne, przygotowanie oferty oraz pomoc przy uruchomieniu aplikacji. Nasz udzia\u0142 w specjalistycznych szkoleniach oraz posiadana wiedza techniczna pozwala na dob\u00f3r alternatywnych rozwi\u0105za\u0144 dla Naszych Klient\u00f3w, kt\u00f3rzy [&hellip;]<\/p>\n","protected":false},"author":1,"featured_media":0,"parent":0,"menu_order":0,"comment_status":"closed","ping_status":"closed","template":"","meta":{"footnotes":""},"class_list":["post-79","page","type-page","status-publish","hentry"],"_links":{"self":[{"href":"https:\/\/emte.com.pl\/index.php?rest_route=\/wp\/v2\/pages\/79","targetHints":{"allow":["GET"]}}],"collection":[{"href":"https:\/\/emte.com.pl\/index.php?rest_route=\/wp\/v2\/pages"}],"about":[{"href":"https:\/\/emte.com.pl\/index.php?rest_route=\/wp\/v2\/types\/page"}],"author":[{"embeddable":true,"href":"https:\/\/emte.com.pl\/index.php?rest_route=\/wp\/v2\/users\/1"}],"replies":[{"embeddable":true,"href":"https:\/\/emte.com.pl\/index.php?rest_route=%2Fwp%2Fv2%2Fcomments&post=79"}],"version-history":[{"count":5,"href":"https:\/\/emte.com.pl\/index.php?rest_route=\/wp\/v2\/pages\/79\/revisions"}],"predecessor-version":[{"id":554,"href":"https:\/\/emte.com.pl\/index.php?rest_route=\/wp\/v2\/pages\/79\/revisions\/554"}],"wp:attachment":[{"href":"https:\/\/emte.com.pl\/index.php?rest_route=%2Fwp%2Fv2%2Fmedia&parent=79"}],"curies":[{"name":"wp","href":"https:\/\/api.w.org\/{rel}","templated":true}]}}